{"id":583,"date":"2013-07-09T08:42:43","date_gmt":"2013-07-09T06:42:43","guid":{"rendered":"http:\/\/www.tsv-jahn-hemeln.de\/?page_id=583"},"modified":"2021-11-11T22:58:46","modified_gmt":"2021-11-11T20:58:46","slug":"badminton","status":"publish","type":"page","link":"https:\/\/tsv-jahn-hemeln.de\/?page_id=583","title":{"rendered":"Jedermannsport"},"content":{"rendered":"<p><span style=\"font-family: trebuchet ms, geneva, sans-serif; font-size: 14pt;\">DU willst nicht mehr an Punktspielen und am mehrmaligen Training teilnehmen, aber DU willst noch nicht einrosten und noch etwas f\u00fcr DEINE Fitness tun?<\/span><br \/>\n<span style=\"font-family: trebuchet ms, geneva, sans-serif; font-size: 14pt;\">Dann komm doch zu UNS, zum Jedermannsport!<\/span><\/p>\n<p><span style=\"font-family: trebuchet ms, geneva, sans-serif; font-size: 14pt;\">Wir sind (bisher nur) M\u00e4nner in den besten Jahren und treffen uns aus Freude an der gemeinsamen Bewegung. Bei uns ist jeder willkommen, der abends runter vom Sofa will und bereit ist, sein Bestes zu geben. Bei dem einen ist das mehr, bei dem anderen weniger. Das wissen wir und das st\u00f6rt uns nicht. Wir wollen etwas f\u00fcr unsere Gesundheit tun und freuen uns, wenn wir am Ende der \u00dcbungsstunde gemeinsam geschwitzt und auch gelacht haben.<\/span><br \/>\n<span style=\"font-family: trebuchet ms, geneva, sans-serif; font-size: 14pt;\">Zur Regulierung des Fl\u00fcssigkeitshaushalts unseres K\u00f6rpers sitzen wir im Anschluss gern noch zusammen oder besuchen die ein oder andere Hemelner Lokalit\u00e4t.<br \/>\n<\/span><\/p>\n<p><span style=\"font-family: trebuchet ms, geneva, sans-serif; font-size: 14pt;\">Jeden Mittwoch ab 18 Uhr, wird aus der Vielzahl an Sportarten eine ausgew\u00e4hlt und zusammen gespielt. Frei nach dem Motto: M\u00f6ge der Spa\u00df gewinnen!<\/span><\/p>\n<p style=\"text-align: center;\"><span style=\"text-decoration: underline; font-family: 'trebuchet ms', geneva, sans-serif; font-size: 18pt; color: #008000;\"><strong>Spartenleiter<\/strong><\/span><\/p>\n<p style=\"text-align: center;\"><span style=\"font-family: 'trebuchet ms', geneva, sans-serif; font-size: 18pt; color: #008000;\">Martin Neumann<br \/>\n<\/span><span style=\"font-family: 'trebuchet ms', geneva, sans-serif; font-size: 18pt; color: #008000;\">Tel.: 0 55 44 \/ 999 959<br \/>\n<\/span><span style=\"font-family: 'trebuchet ms', geneva, sans-serif; font-size: 18pt; color: #008000;\">E-Mail:\u00a0 mneumann72@gmx.de\u00a0<\/span><\/p>\n<p style=\"text-align: center;\"><span style=\"color: #008000;\"><span style=\"font-family: 'trebuchet ms', geneva, sans-serif; font-size: 18pt;\">Immer\u00a0<\/span><span style=\"font-family: 'trebuchet ms', geneva, sans-serif; font-size: 18pt;\">mittwochs 18:00 \u2013 19:30<\/span><\/span><\/p>\n<hr \/>\n","protected":false},"excerpt":{"rendered":"<p>DU willst nicht mehr an Punktspielen und am mehrmaligen Training teilnehmen, aber DU willst noch nicht einrosten und noch etwas f\u00fcr DEINE Fitness tun? Dann komm doch zu UNS, zum Jedermannsport! Wir sind (bisher nur) M\u00e4nner in den besten Jahren und treffen uns aus Freude an der gemeinsamen Bewegung. Bei uns ist jeder willkommen, der [&hellip;]<\/p>\n","protected":false},"author":1,"featured_media":0,"parent":0,"menu_order":0,"comment_status":"closed","ping_status":"closed","template":"","meta":[],"_links":{"self":[{"href":"https:\/\/tsv-jahn-hemeln.de\/index.php?rest_route=\/wp\/v2\/pages\/583"}],"collection":[{"href":"https:\/\/tsv-jahn-hemeln.de\/index.php?rest_route=\/wp\/v2\/pages"}],"about":[{"href":"https:\/\/tsv-jahn-hemeln.de\/index.php?rest_route=\/wp\/v2\/types\/page"}],"author":[{"embeddable":true,"href":"https:\/\/tsv-jahn-hemeln.de\/index.php?rest_route=\/wp\/v2\/users\/1"}],"replies":[{"embeddable":true,"href":"https:\/\/tsv-jahn-hemeln.de\/index.php?rest_route=%2Fwp%2Fv2%2Fcomments&post=583"}],"version-history":[{"count":10,"href":"https:\/\/tsv-jahn-hemeln.de\/index.php?rest_route=\/wp\/v2\/pages\/583\/revisions"}],"predecessor-version":[{"id":2727,"href":"https:\/\/tsv-jahn-hemeln.de\/index.php?rest_route=\/wp\/v2\/pages\/583\/revisions\/2727"}],"wp:attachment":[{"href":"https:\/\/tsv-jahn-hemeln.de\/index.php?rest_route=%2Fwp%2Fv2%2Fmedia&parent=583"}],"curies":[{"name":"wp","href":"https:\/\/api.w.org\/{rel}","templated":true}]}}