{"id":498,"date":"2013-07-08T14:12:26","date_gmt":"2013-07-08T12:12:26","guid":{"rendered":"http:\/\/hemeln.square7.ch\/?page_id=498"},"modified":"2025-03-02T17:56:58","modified_gmt":"2025-03-02T15:56:58","slug":"mannergymnastik","status":"publish","type":"page","link":"https:\/\/tsv-jahn-hemeln.de\/?page_id=498","title":{"rendered":"M\u00e4nnergruppe"},"content":{"rendered":"<p style=\"text-align: center;\"><span style=\"text-decoration: underline; font-family: trebuchet ms, geneva, sans-serif; font-size: 14pt;\"><strong>Gymnastiksparte &#8211; M\u00e4nnergruppe<\/strong><\/span><\/p>\n<p style=\"text-align: center;\"><span style=\"font-family: trebuchet ms, geneva, sans-serif; font-size: 14pt;\">\u00dcbungsleiter und Trainingszeiten<\/span><\/p>\n<p style=\"text-align: center;\"><span style=\"font-family: trebuchet ms, geneva, sans-serif; font-size: 14pt;\">Susanne Jatho<\/span><br \/>\n<span style=\"font-family: trebuchet ms, geneva, sans-serif; font-size: 14pt;\">Angelika Seefried<\/span><br \/>\n<span style=\"font-family: trebuchet ms, geneva, sans-serif; font-size: 14pt;\">Katharina Schucht<\/span><\/p>\n<p style=\"text-align: center;\"><span style=\"font-family: trebuchet ms, geneva, sans-serif; font-size: 14pt;\">Freitag, 19.00 bis 20.15 Uhr<\/span><\/p>\n<p style=\"text-align: center;\"><span style=\"font-family: trebuchet ms, geneva, sans-serif; font-size: 14pt;\">M\u00e4nner aller Altersgruppen:<\/span><\/p>\n<p style=\"text-align: center;\"><span style=\"font-family: trebuchet ms, geneva, sans-serif; font-size: 14pt;\">Inhalte:<\/span><\/p>\n<ul style=\"text-align: center;\">\n<li><span style=\"font-family: trebuchet ms, geneva, sans-serif; font-size: 14pt;\">allgemeine Gymnastik mit und ohne Handger\u00e4t<\/span><\/li>\n<li><span style=\"font-family: trebuchet ms, geneva, sans-serif; font-size: 14pt;\">Arbeiten mit therapeutischen Ger\u00e4ten (Pezzi-Ball, Thera-Band, Therapiekreisel, Igelball)<\/span><\/li>\n<li><span style=\"font-family: trebuchet ms, geneva, sans-serif; font-size: 14pt;\">Wahrnehmungstraining<\/span><\/li>\n<li><span style=\"font-family: trebuchet ms, geneva, sans-serif; font-size: 14pt;\">Fu\u00dfgymnastik<\/span><\/li>\n<li><span style=\"font-family: trebuchet ms, geneva, sans-serif; font-size: 14pt;\">Spiele<\/span><\/li>\n<li><span style=\"font-family: trebuchet ms, geneva, sans-serif; font-size: 14pt;\">Entspannungs\u00fcbungen<\/span><\/li>\n<li><span style=\"font-family: trebuchet ms, geneva, sans-serif; font-size: 14pt;\">Radfahren, Jogging und Walking in den Sommerferien<\/span><\/li>\n<\/ul>\n<p style=\"text-align: center;\"><span style=\"font-family: trebuchet ms, geneva, sans-serif; font-size: 14pt;\">Also, einfach mal vorbeischauen und mitmachen \u2013 es lohnt sich bestimmt.<\/span><\/p>\n<p style=\"text-align: center;\"><span style=\"font-family: trebuchet ms, geneva, sans-serif; font-size: 14pt;\">Und \u00fcber neue Mitglieder freuen wir uns immer !!!<\/span><\/p>\n<p style=\"text-align: center;\"><a href=\"http:\/\/www.tsv-jahn-hemeln.de\/wp-content\/uploads\/2024\/04\/Maennergymnastik-2008-scaled.jpg\"><img decoding=\"async\" loading=\"lazy\" class=\"alignnone  wp-image-3330\" src=\"http:\/\/www.tsv-jahn-hemeln.de\/wp-content\/uploads\/2024\/04\/Maennergymnastik-2008-300x190.jpg\" alt=\"\" width=\"475\" height=\"301\" srcset=\"https:\/\/tsv-jahn-hemeln.de\/wp-content\/uploads\/2024\/04\/Maennergymnastik-2008-300x190.jpg 300w, https:\/\/tsv-jahn-hemeln.de\/wp-content\/uploads\/2024\/04\/Maennergymnastik-2008-1024x647.jpg 1024w, https:\/\/tsv-jahn-hemeln.de\/wp-content\/uploads\/2024\/04\/Maennergymnastik-2008-768x485.jpg 768w, https:\/\/tsv-jahn-hemeln.de\/wp-content\/uploads\/2024\/04\/Maennergymnastik-2008-1536x971.jpg 1536w, https:\/\/tsv-jahn-hemeln.de\/wp-content\/uploads\/2024\/04\/Maennergymnastik-2008-2048x1294.jpg 2048w\" sizes=\"(max-width: 475px) 100vw, 475px\" \/><\/a><\/p>\n<p style=\"text-align: center;\"><span style=\"font-size: 14pt; color: #008000; font-family: arial black, sans-serif;\">Spartenleiter ist Dieter Naujoks (0 55 44 \/ 73 90)<\/span><\/p>\n","protected":false},"excerpt":{"rendered":"<p>Gymnastiksparte &#8211; M\u00e4nnergruppe \u00dcbungsleiter und Trainingszeiten Susanne Jatho Angelika Seefried Katharina Schucht Freitag, 19.00 bis 20.15 Uhr M\u00e4nner aller Altersgruppen: Inhalte: allgemeine Gymnastik mit und ohne Handger\u00e4t Arbeiten mit therapeutischen Ger\u00e4ten (Pezzi-Ball, Thera-Band, Therapiekreisel, Igelball) Wahrnehmungstraining Fu\u00dfgymnastik Spiele Entspannungs\u00fcbungen Radfahren, Jogging und Walking in den Sommerferien Also, einfach mal vorbeischauen und mitmachen \u2013 es lohnt [&hellip;]<\/p>\n","protected":false},"author":1,"featured_media":0,"parent":0,"menu_order":0,"comment_status":"closed","ping_status":"closed","template":"","meta":[],"_links":{"self":[{"href":"https:\/\/tsv-jahn-hemeln.de\/index.php?rest_route=\/wp\/v2\/pages\/498"}],"collection":[{"href":"https:\/\/tsv-jahn-hemeln.de\/index.php?rest_route=\/wp\/v2\/pages"}],"about":[{"href":"https:\/\/tsv-jahn-hemeln.de\/index.php?rest_route=\/wp\/v2\/types\/page"}],"author":[{"embeddable":true,"href":"https:\/\/tsv-jahn-hemeln.de\/index.php?rest_route=\/wp\/v2\/users\/1"}],"replies":[{"embeddable":true,"href":"https:\/\/tsv-jahn-hemeln.de\/index.php?rest_route=%2Fwp%2Fv2%2Fcomments&post=498"}],"version-history":[{"count":7,"href":"https:\/\/tsv-jahn-hemeln.de\/index.php?rest_route=\/wp\/v2\/pages\/498\/revisions"}],"predecessor-version":[{"id":3605,"href":"https:\/\/tsv-jahn-hemeln.de\/index.php?rest_route=\/wp\/v2\/pages\/498\/revisions\/3605"}],"wp:attachment":[{"href":"https:\/\/tsv-jahn-hemeln.de\/index.php?rest_route=%2Fwp%2Fv2%2Fmedia&parent=498"}],"curies":[{"name":"wp","href":"https:\/\/api.w.org\/{rel}","templated":true}]}}