{"id":456,"date":"2013-07-08T13:37:23","date_gmt":"2013-07-08T11:37:23","guid":{"rendered":"http:\/\/hemeln.square7.ch\/?page_id=456"},"modified":"2013-07-08T13:38:28","modified_gmt":"2013-07-08T11:38:28","slug":"impressum","status":"publish","type":"page","link":"https:\/\/tsv-jahn-hemeln.de\/?page_id=456","title":{"rendered":"Impressum"},"content":{"rendered":"<p><span style=\"text-decoration: underline;\"><strong>Rechtlicher Hinweis und Haftungsausschluss:<\/strong><\/span><\/p>\n<p>Die Angaben auf allen Web-Seiten des TSV &#8222;Jahn&#8220; Hemeln wurden sorgf\u00e4ltig gepr\u00fcft. Dessen ungeachtet, kann eine Garantie f\u00fcr die Vollst\u00e4ndigkeit, Richtigkeit und letzte Aktualit\u00e4t der Angaben sowie f\u00fcr Angaben, auf die per Hyperlink verwiesen wird, nicht \u00fcbernommen werden.<\/p>\n<p>Das Landgericht Hamburg hat mit Urteil vom 12.05.1998 entschieden, dass man durch die Ausbringung von Links die Inhalte der gelinkten Seite ggf. mit zu verantworten hat. Dies kann &#8211; so das Landgericht Hamburg &#8211; nur dadurch verhindert werden, dass man sich ausdr\u00fccklich von den Inhalten der gelinkten Seite bzw. des gesamten Webs distanziert.<\/p>\n<p>&#8222;Wir m\u00f6chten ausdr\u00fccklich betonen, dass wir keinerlei Einfluss auf die Gestaltung und Inhalte der gelinkten Webpages haben. Deshalb distanzieren wir uns hiermit ausdr\u00fccklich von allen Inhalten aller gelinkten Webseiten auf unserer gesamten Website, einschlie\u00dflich aller Unterseiten und deren Unterlinks oder anderen Weiterleitungsmechanismen. Diese Erkl\u00e4rung gilt f\u00fcr alle auf unserer Homepage ausgebrachten Links und f\u00fcr alle Inhalte der Seiten, zu denen Links, Banner oder sonstige Verkn\u00fcpfungen f\u00fchren.&#8220;<\/p>\n<p>TSV &#8222;Jahn&#8220; Hemeln<br \/>\nMonika Gronemann<br \/>\nIm Klimpe 18<br \/>\n34346 Hann. M\u00fcnden<br \/>\nTelefon: +49 5544 7220<br \/>\nE-Mail: <a href=\"mailto:monika.gronemann@gmx.de\">monika.gronemann@gmx.de<\/a><br \/>\nInternet: www.tsv-jahn-hemeln.de<\/p>\n<p>Der TSV &#8222;Jahn&#8220; Hemeln ist ein eingetragener Verein.<br \/>\nEr wird vertreten durch den Vorstand \u2013 hier der 1. Vorsitzenden Monika Gronemann -.<br \/>\nInhaltlich Verantwortlicher gem\u00e4\u00df \u00a7 6 MDStV: Monika Gronemann<br \/>\nHaftungshinweis: Trotz sorgf\u00e4ltiger inhaltlicher Kontrolle \u00fcbernehmen wir keine Haftung f\u00fcr die Inhalte externer Links. F\u00fcr den Inhalt der verlinkten Seiten sind ausschlie\u00dflich deren Betreiber verantwortlich.<\/p>\n<p>Hemeln, den 15.05.2012<br \/>\n\u00a9 Monika Gronemann<\/p>\n","protected":false},"excerpt":{"rendered":"<p>Rechtlicher Hinweis und Haftungsausschluss: Die Angaben auf allen Web-Seiten des TSV &#8222;Jahn&#8220; Hemeln wurden sorgf\u00e4ltig gepr\u00fcft. Dessen ungeachtet, kann eine Garantie f\u00fcr die Vollst\u00e4ndigkeit, Richtigkeit und letzte Aktualit\u00e4t der Angaben sowie f\u00fcr Angaben, auf die per Hyperlink verwiesen wird, nicht \u00fcbernommen werden. Das Landgericht Hamburg hat mit Urteil vom 12.05.1998 entschieden, dass man durch die [&hellip;]<\/p>\n","protected":false},"author":1,"featured_media":0,"parent":0,"menu_order":0,"comment_status":"closed","ping_status":"closed","template":"","meta":[],"_links":{"self":[{"href":"https:\/\/tsv-jahn-hemeln.de\/index.php?rest_route=\/wp\/v2\/pages\/456"}],"collection":[{"href":"https:\/\/tsv-jahn-hemeln.de\/index.php?rest_route=\/wp\/v2\/pages"}],"about":[{"href":"https:\/\/tsv-jahn-hemeln.de\/index.php?rest_route=\/wp\/v2\/types\/page"}],"author":[{"embeddable":true,"href":"https:\/\/tsv-jahn-hemeln.de\/index.php?rest_route=\/wp\/v2\/users\/1"}],"replies":[{"embeddable":true,"href":"https:\/\/tsv-jahn-hemeln.de\/index.php?rest_route=%2Fwp%2Fv2%2Fcomments&post=456"}],"version-history":[{"count":2,"href":"https:\/\/tsv-jahn-hemeln.de\/index.php?rest_route=\/wp\/v2\/pages\/456\/revisions"}],"predecessor-version":[{"id":459,"href":"https:\/\/tsv-jahn-hemeln.de\/index.php?rest_route=\/wp\/v2\/pages\/456\/revisions\/459"}],"wp:attachment":[{"href":"https:\/\/tsv-jahn-hemeln.de\/index.php?rest_route=%2Fwp%2Fv2%2Fmedia&parent=456"}],"curies":[{"name":"wp","href":"https:\/\/api.w.org\/{rel}","templated":true}]}}