{"id":375,"date":"2013-07-06T16:12:45","date_gmt":"2013-07-06T14:12:45","guid":{"rendered":"http:\/\/hemeln.square7.ch\/?page_id=375"},"modified":"2025-08-04T11:33:17","modified_gmt":"2025-08-04T09:33:17","slug":"trainingszeiten","status":"publish","type":"page","link":"https:\/\/tsv-jahn-hemeln.de\/?page_id=375","title":{"rendered":"Trainingszeiten"},"content":{"rendered":"<p><span style=\"font-size: 14pt; font-family: trebuchet ms, geneva, sans-serif;\"><strong><span style=\"text-decoration: underline;\">Trainingszeiten der Fu\u00dfballsparte des TSV Jahn Hemeln<\/span><\/strong><\/span><\/p>\n<p><span style=\"font-size: 14pt; font-family: trebuchet ms, geneva, sans-serif;\"><strong>1. und 2. Mannschaft<\/strong><\/span><\/p>\n<p><span style=\"font-size: 14pt; font-family: trebuchet ms, geneva, sans-serif;\">Dienstag und Donnerstag von 19:00 \u2013 20:30 Uhr Sportplatz Lohberg.<\/span><br \/>\n<span style=\"font-size: 14pt; font-family: trebuchet ms, geneva, sans-serif;\">W\u00e4hrend der Winterpause findet das Training mittwochs von 19:30 \u2013 21:00 Uhr<\/span><br \/>\n<span style=\"font-size: 14pt; font-family: trebuchet ms, geneva, sans-serif;\">und freitags von 20:15 &#8211; 21:45 Uhr in der Walter-K\u00fchne-Halle statt<\/span><\/p>\n<p><span style=\"font-size: 14pt; font-family: trebuchet ms, geneva, sans-serif;\"><strong>Altherrenmannschaft<\/strong><\/span><\/p>\n<p><span style=\"font-size: 14pt; font-family: trebuchet ms, geneva, sans-serif;\">Mittwochs von 19:00 &#8211; 20:00 Uhr auf dem Sportplatz Lohberg.<\/span><br \/>\n<span style=\"font-size: 14pt; font-family: trebuchet ms, geneva, sans-serif;\">W\u00e4hrend der Winterpause findet das Training freitags von 20:15 &#8211; 21:45 Uhr in der Walter-K\u00fchne-Halle statt<br \/>\n<\/span><\/p>\n<p><span style=\"font-size: 14pt; font-family: trebuchet ms, geneva, sans-serif;\"><strong>Jugendmannschaften<\/strong><\/span><\/p>\n<p><span style=\"font-size: 14pt;\"><span style=\"font-family: trebuchet ms, geneva, sans-serif;\">Unsere Jugendkicker spielen unter der\u00a0Mitgliedschaft beim TSV Jahn Hemeln bei unseren Nachbarvereinen TuSpo Weser Gimte, TG M\u00fcnden und SG Reinhardshagen, mit denen wir entsprechende Kooperationsvertr\u00e4ge haben. N\u00e4here Informationen dazu sind \u00fcber unsere Spartenleitung zu erfahren (siehe Kontakte).<\/span><\/span><\/p>\n<p><span style=\"font-size: 14pt; font-family: trebuchet ms, geneva, sans-serif;\">Homepages unserer Partnervereine:<\/span><\/p>\n<p><span style=\"font-size: 14pt;\"><a href=\"http:\/\/www.sgreinhardshagen.de\/\" target=\"_blank\" rel=\"noopener\">www.sg-reinhardshagen.de<\/a><\/span><\/p>\n<p><span style=\"font-size: 14pt;\"><a href=\"http:\/\/www.tuspo-weser-gimte.de\/\" target=\"_blank\" rel=\"noopener\">www.tuspowesergimte.de<\/a><\/span><\/p>\n<p><span style=\"font-size: 14pt;\"><a href=\"http:\/\/www.tg1860.de\/\" target=\"_blank\" rel=\"noopener\">www.tg1860.de<\/a><\/span><\/p>\n<p style=\"text-align: center;\">\n","protected":false},"excerpt":{"rendered":"<p>Trainingszeiten der Fu\u00dfballsparte des TSV Jahn Hemeln 1. und 2. Mannschaft Dienstag und Donnerstag von 19:00 \u2013 20:30 Uhr Sportplatz Lohberg. W\u00e4hrend der Winterpause findet das Training mittwochs von 19:30 \u2013 21:00 Uhr und freitags von 20:15 &#8211; 21:45 Uhr in der Walter-K\u00fchne-Halle statt Altherrenmannschaft Mittwochs von 19:00 &#8211; 20:00 Uhr auf dem Sportplatz Lohberg. [&hellip;]<\/p>\n","protected":false},"author":1,"featured_media":0,"parent":0,"menu_order":0,"comment_status":"closed","ping_status":"closed","template":"","meta":[],"_links":{"self":[{"href":"https:\/\/tsv-jahn-hemeln.de\/index.php?rest_route=\/wp\/v2\/pages\/375"}],"collection":[{"href":"https:\/\/tsv-jahn-hemeln.de\/index.php?rest_route=\/wp\/v2\/pages"}],"about":[{"href":"https:\/\/tsv-jahn-hemeln.de\/index.php?rest_route=\/wp\/v2\/types\/page"}],"author":[{"embeddable":true,"href":"https:\/\/tsv-jahn-hemeln.de\/index.php?rest_route=\/wp\/v2\/users\/1"}],"replies":[{"embeddable":true,"href":"https:\/\/tsv-jahn-hemeln.de\/index.php?rest_route=%2Fwp%2Fv2%2Fcomments&post=375"}],"version-history":[{"count":16,"href":"https:\/\/tsv-jahn-hemeln.de\/index.php?rest_route=\/wp\/v2\/pages\/375\/revisions"}],"predecessor-version":[{"id":3720,"href":"https:\/\/tsv-jahn-hemeln.de\/index.php?rest_route=\/wp\/v2\/pages\/375\/revisions\/3720"}],"wp:attachment":[{"href":"https:\/\/tsv-jahn-hemeln.de\/index.php?rest_route=%2Fwp%2Fv2%2Fmedia&parent=375"}],"curies":[{"name":"wp","href":"https:\/\/api.w.org\/{rel}","templated":true}]}}