{"id":299,"date":"2013-07-06T14:42:48","date_gmt":"2013-07-06T12:42:48","guid":{"rendered":"http:\/\/hemeln.square7.ch\/?page_id=299"},"modified":"2021-11-12T00:20:38","modified_gmt":"2021-11-11T22:20:38","slug":"anfahrt-2","status":"publish","type":"page","link":"https:\/\/tsv-jahn-hemeln.de\/?page_id=299","title":{"rendered":"Anfahrt"},"content":{"rendered":"<p style=\"text-align: center;\"><span style=\"font-family: trebuchet ms, geneva, sans-serif; font-size: 14pt;\">F\u00fcr eine bessere Erreichbarkeit unserer Sportst\u00e4tten, finden Sie hier die Stra\u00dfen- und Ortskarte.<\/span><\/p>\n<p style=\"text-align: center;\">\n<p style=\"text-align: center;\"><a href=\"http:\/\/www.tsv-jahn-hemeln.de\/wp-content\/uploads\/2013\/07\/ortskarte.jpg\"><img decoding=\"async\" loading=\"lazy\" class=\"alignnone size-full wp-image-633\" src=\"http:\/\/www.tsv-jahn-hemeln.de\/wp-content\/uploads\/2013\/07\/ortskarte.jpg\" alt=\"ortskarte\" width=\"521\" height=\"710\" srcset=\"https:\/\/tsv-jahn-hemeln.de\/wp-content\/uploads\/2013\/07\/ortskarte.jpg 521w, https:\/\/tsv-jahn-hemeln.de\/wp-content\/uploads\/2013\/07\/ortskarte-220x300.jpg 220w\" sizes=\"(max-width: 521px) 100vw, 521px\" \/><\/a><\/p>\n<p style=\"text-align: center;\">\n<p><a href=\"http:\/\/www.tsv-jahn-hemeln.de\/wp-content\/uploads\/2021\/11\/Lage-Sportplatz-Lohberg.jpg\"><img decoding=\"async\" loading=\"lazy\" class=\"wp-image-2759 aligncenter\" src=\"http:\/\/www.tsv-jahn-hemeln.de\/wp-content\/uploads\/2021\/11\/Lage-Sportplatz-Lohberg-300x202.jpg\" alt=\"\" width=\"539\" height=\"363\" srcset=\"https:\/\/tsv-jahn-hemeln.de\/wp-content\/uploads\/2021\/11\/Lage-Sportplatz-Lohberg-300x202.jpg 300w, https:\/\/tsv-jahn-hemeln.de\/wp-content\/uploads\/2021\/11\/Lage-Sportplatz-Lohberg-768x518.jpg 768w, https:\/\/tsv-jahn-hemeln.de\/wp-content\/uploads\/2021\/11\/Lage-Sportplatz-Lohberg-1024x690.jpg 1024w, https:\/\/tsv-jahn-hemeln.de\/wp-content\/uploads\/2021\/11\/Lage-Sportplatz-Lohberg.jpg 1246w\" sizes=\"(max-width: 539px) 100vw, 539px\" \/><\/a><\/p>\n<p style=\"text-align: center;\"><span style=\"font-family: trebuchet ms, geneva, sans-serif; font-size: 14pt;\">Wenn Sie weitere Informationen zu Hemeln suchen, finden Sie diese unter<\/span><\/p>\n<p style=\"text-align: center;\"><span style=\"font-size: 18pt;\"><a href=\"http:\/\/www.hemeln.de\" target=\"_blank\" rel=\"noopener\"><span style=\"font-family: trebuchet ms, geneva, sans-serif;\">www.hemeln.de<\/span> <\/a><\/span><\/p>\n<p style=\"text-align: center;\">\n","protected":false},"excerpt":{"rendered":"<p>F\u00fcr eine bessere Erreichbarkeit unserer Sportst\u00e4tten, finden Sie hier die Stra\u00dfen- und Ortskarte. Wenn Sie weitere Informationen zu Hemeln suchen, finden Sie diese unter www.hemeln.de<\/p>\n","protected":false},"author":1,"featured_media":0,"parent":0,"menu_order":0,"comment_status":"closed","ping_status":"closed","template":"","meta":[],"_links":{"self":[{"href":"https:\/\/tsv-jahn-hemeln.de\/index.php?rest_route=\/wp\/v2\/pages\/299"}],"collection":[{"href":"https:\/\/tsv-jahn-hemeln.de\/index.php?rest_route=\/wp\/v2\/pages"}],"about":[{"href":"https:\/\/tsv-jahn-hemeln.de\/index.php?rest_route=\/wp\/v2\/types\/page"}],"author":[{"embeddable":true,"href":"https:\/\/tsv-jahn-hemeln.de\/index.php?rest_route=\/wp\/v2\/users\/1"}],"replies":[{"embeddable":true,"href":"https:\/\/tsv-jahn-hemeln.de\/index.php?rest_route=%2Fwp%2Fv2%2Fcomments&post=299"}],"version-history":[{"count":5,"href":"https:\/\/tsv-jahn-hemeln.de\/index.php?rest_route=\/wp\/v2\/pages\/299\/revisions"}],"predecessor-version":[{"id":2760,"href":"https:\/\/tsv-jahn-hemeln.de\/index.php?rest_route=\/wp\/v2\/pages\/299\/revisions\/2760"}],"wp:attachment":[{"href":"https:\/\/tsv-jahn-hemeln.de\/index.php?rest_route=%2Fwp%2Fv2%2Fmedia&parent=299"}],"curies":[{"name":"wp","href":"https:\/\/api.w.org\/{rel}","templated":true}]}}