{"id":279,"date":"2013-07-06T14:28:46","date_gmt":"2013-07-06T12:28:46","guid":{"rendered":"http:\/\/hemeln.square7.ch\/?page_id=279"},"modified":"2025-01-30T14:15:49","modified_gmt":"2025-01-30T12:15:49","slug":"mitglied-werden","status":"publish","type":"page","link":"https:\/\/tsv-jahn-hemeln.de\/?page_id=279","title":{"rendered":"Mitglied werden"},"content":{"rendered":"<p><span style=\"text-decoration: underline; font-family: trebuchet ms, geneva, sans-serif; font-size: 14pt;\"><strong>Die Mitgliedsbeitr\u00e4ge staffeln sich wie folgt:<\/strong><\/span><\/p>\n<p><span style=\"font-family: trebuchet ms, geneva, sans-serif; font-size: 14pt;\"><strong>Kinder, Sch\u00fcler, Jugendliche, Studenten, Auszubildende, Grundwehrdienst-\/Zivildienstleistende, Arbeitslose<\/strong><\/span><br \/>\n<span style=\"font-family: trebuchet ms, geneva, sans-serif; font-size: 14pt;\">18,00 Euro (halbj\u00e4hrlich) \/ 3,00 Euro (monatlich)<\/span><\/p>\n<p><span style=\"font-family: trebuchet ms, geneva, sans-serif; font-size: 14pt;\"><strong>Erwachsene<\/strong><\/span><br \/>\n<span style=\"font-family: trebuchet ms, geneva, sans-serif; font-size: 14pt;\">24,00 Euro (halbj\u00e4hrlich) \/ 4,00 Euro (monatlich)<\/span><\/p>\n<p><span style=\"font-family: trebuchet ms, geneva, sans-serif; font-size: 14pt;\"><strong>Familienbeitrag<\/strong><\/span><br \/>\n<span style=\"font-family: trebuchet ms, geneva, sans-serif; font-size: 14pt;\">36,00 Euro (halbj\u00e4hrlich) \/ 6,00 Euro (monatlich)<\/span><\/p>\n<p><span style=\"font-family: trebuchet ms, geneva, sans-serif; font-size: 14pt;\">Um Kosten zu sparen, ziehen wir die Mitgliedsbeitr\u00e4ge nur per Einzugserm\u00e4chtigung &#8211; halbj\u00e4hrlich &#8211; ein.<\/span><br \/>\n<span style=\"font-family: trebuchet ms, geneva, sans-serif; font-size: 14pt;\">Der Verein stellt die Beitr\u00e4ge von Kindern sp\u00e4testens mit Erreichen des 21. Lebensjahres automatisch auf den Einzelbeitrag &#8222;Erwachsener&#8220; um. Die Mitglieder sind also aufgefordert und verantwortlich, dem Vorstand die weitere Einteilung in die Kategorie &#8222;Kinder&#8220; bzw. &#8222;Familienbeitrag&#8220; in einer Mitteilung zu begr\u00fcnden.<\/span><\/p>\n<p><span style=\"font-family: trebuchet ms, geneva, sans-serif; font-size: 14pt;\"><a href=\"http:\/\/www.tsv-jahn-hemeln.de\/wp-content\/uploads\/2025\/01\/Eintrittserklaerung-TSV-Jahn-Hemeln_Stand-Jan.-2025.pdf\">Eintrittserkl\u00e4rung-TSV-Jahn-Hemeln.pdf<\/a><\/span><\/p>\n<p><span style=\"font-family: trebuchet ms, geneva, sans-serif; font-size: 14pt;\"><a href=\"http:\/\/www.tsv-jahn-hemeln.de\/wp-content\/uploads\/2025\/01\/Eintrittserklaerung-TSV-Jahn-Hemeln_Stand-Jan.-2025.doc\">Eintrittserkl\u00e4rung-TSV-Jahn-Hemeln (Word)<\/a><\/span><\/p>\n<p><span style=\"font-family: trebuchet ms, geneva, sans-serif; font-size: 14pt;\">Bitte geben Sie die anh\u00e4ngende Beitrittserkl\u00e4rung ggf. mit einem Lichtbild bei dem f\u00fcr Sie zust\u00e4ndigen \u00dcbungsleiter bzw. Spartenleiter ab.<\/span><br \/>\n<span style=\"font-family: trebuchet ms, geneva, sans-serif; font-size: 14pt;\">Eine Satzung geht im \u00fcbrigen jedem Neumitglied auf Antrag \u00fcber den jeweiligen Spartenleiter nach Bearbeitung des Aufnahmeantrages zu.<\/span><br \/>\n<span style=\"font-family: trebuchet ms, geneva, sans-serif; font-size: 14pt;\">Vereinsaustritte sind gem\u00e4\u00df unserer Satzung unter Einhaltung einer K\u00fcndigungsfrist von 1 Monat zum Schluss eines Kalendermonats m\u00f6glich.<\/span><br \/>\n<span style=\"font-family: trebuchet ms, geneva, sans-serif; font-size: 14pt;\">Bitte bedenken Sie, dass Ihre Beitragspflicht nur nach einer schriftlichen K\u00fcndigung endet.<\/span><br \/>\n<span style=\"font-family: trebuchet ms, geneva, sans-serif; font-size: 14pt;\">Wir bitten bereits an dieser Stelle um Verst\u00e4ndnis, dass wir aus Kostenersparnisgr\u00fcnden grunds\u00e4tzlich keine Abmeldebest\u00e4tigung versenden.<\/span><\/p>\n","protected":false},"excerpt":{"rendered":"<p>Die Mitgliedsbeitr\u00e4ge staffeln sich wie folgt: Kinder, Sch\u00fcler, Jugendliche, Studenten, Auszubildende, Grundwehrdienst-\/Zivildienstleistende, Arbeitslose 18,00 Euro (halbj\u00e4hrlich) \/ 3,00 Euro (monatlich) Erwachsene 24,00 Euro (halbj\u00e4hrlich) \/ 4,00 Euro (monatlich) Familienbeitrag 36,00 Euro (halbj\u00e4hrlich) \/ 6,00 Euro (monatlich) Um Kosten zu sparen, ziehen wir die Mitgliedsbeitr\u00e4ge nur per Einzugserm\u00e4chtigung &#8211; halbj\u00e4hrlich &#8211; ein. Der Verein stellt die [&hellip;]<\/p>\n","protected":false},"author":1,"featured_media":0,"parent":0,"menu_order":0,"comment_status":"closed","ping_status":"closed","template":"","meta":[],"_links":{"self":[{"href":"https:\/\/tsv-jahn-hemeln.de\/index.php?rest_route=\/wp\/v2\/pages\/279"}],"collection":[{"href":"https:\/\/tsv-jahn-hemeln.de\/index.php?rest_route=\/wp\/v2\/pages"}],"about":[{"href":"https:\/\/tsv-jahn-hemeln.de\/index.php?rest_route=\/wp\/v2\/types\/page"}],"author":[{"embeddable":true,"href":"https:\/\/tsv-jahn-hemeln.de\/index.php?rest_route=\/wp\/v2\/users\/1"}],"replies":[{"embeddable":true,"href":"https:\/\/tsv-jahn-hemeln.de\/index.php?rest_route=%2Fwp%2Fv2%2Fcomments&post=279"}],"version-history":[{"count":12,"href":"https:\/\/tsv-jahn-hemeln.de\/index.php?rest_route=\/wp\/v2\/pages\/279\/revisions"}],"predecessor-version":[{"id":3550,"href":"https:\/\/tsv-jahn-hemeln.de\/index.php?rest_route=\/wp\/v2\/pages\/279\/revisions\/3550"}],"wp:attachment":[{"href":"https:\/\/tsv-jahn-hemeln.de\/index.php?rest_route=%2Fwp%2Fv2%2Fmedia&parent=279"}],"curies":[{"name":"wp","href":"https:\/\/api.w.org\/{rel}","templated":true}]}}