{"id":276,"date":"2013-07-06T14:27:40","date_gmt":"2013-07-06T12:27:40","guid":{"rendered":"http:\/\/hemeln.square7.ch\/?page_id=276"},"modified":"2014-02-21T18:46:32","modified_gmt":"2014-02-21T16:46:32","slug":"vereinsrecht","status":"publish","type":"page","link":"https:\/\/tsv-jahn-hemeln.de\/?page_id=276","title":{"rendered":"Vereinsrecht"},"content":{"rendered":"<p style=\"text-align: center;\"><strong>Hier finden Sie die von der Mitgliederversammlung ratifizierten Bestimmungen, die f\u00fcr alle Mitglieder und Organe unseres Vereins die Rechte, Pflichten und verbindlichen Handlungsgrundlagen festlegen, damit ein ordnungsgem\u00e4\u00dfes und demokratisches Miteinander m\u00f6glich ist.<\/strong><\/p>\n<p style=\"text-align: center;\"><span style=\"color: #339966;\">\u00a0<strong><a href=\"http:\/\/www.tsv-jahn-hemeln.de\/wp-content\/uploads\/2013\/07\/Satzung.pdf\" target=\"_blank\"><span style=\"color: #339966;\">Satzung (PDF)<\/span><\/a><\/strong><\/span><\/p>\n<p style=\"text-align: center;\"><span style=\"color: #339966;\"><strong><a href=\"http:\/\/www.tsv-jahn-hemeln.de\/wp-content\/uploads\/2013\/07\/Geschaeftsordnung.pdf\"><span style=\"color: #339966;\">Gesch\u00e4ftsordnung (PDF)<\/span><\/a><\/strong><\/span><\/p>\n<p style=\"text-align: center;\"><span style=\"color: #339966;\"><strong><a href=\"http:\/\/www.tsv-jahn-hemeln.de\/wp-content\/uploads\/2013\/07\/EHRUNGSORDNUNG.pdf\" target=\"_blank\"><span style=\"color: #339966;\">Ehrungsordnung (PDF)<\/span><\/a><\/strong><\/span><\/p>\n<p style=\"text-align: center;\"><span style=\"color: #339966;\"><strong>\u00a0<\/strong><\/span><\/p>\n","protected":false},"excerpt":{"rendered":"<p>Hier finden Sie die von der Mitgliederversammlung ratifizierten Bestimmungen, die f\u00fcr alle Mitglieder und Organe unseres Vereins die Rechte, Pflichten und verbindlichen Handlungsgrundlagen festlegen, damit ein ordnungsgem\u00e4\u00dfes und demokratisches Miteinander m\u00f6glich ist. \u00a0Satzung (PDF) Gesch\u00e4ftsordnung (PDF) Ehrungsordnung (PDF) \u00a0<\/p>\n","protected":false},"author":1,"featured_media":0,"parent":0,"menu_order":0,"comment_status":"closed","ping_status":"closed","template":"","meta":[],"_links":{"self":[{"href":"https:\/\/tsv-jahn-hemeln.de\/index.php?rest_route=\/wp\/v2\/pages\/276"}],"collection":[{"href":"https:\/\/tsv-jahn-hemeln.de\/index.php?rest_route=\/wp\/v2\/pages"}],"about":[{"href":"https:\/\/tsv-jahn-hemeln.de\/index.php?rest_route=\/wp\/v2\/types\/page"}],"author":[{"embeddable":true,"href":"https:\/\/tsv-jahn-hemeln.de\/index.php?rest_route=\/wp\/v2\/users\/1"}],"replies":[{"embeddable":true,"href":"https:\/\/tsv-jahn-hemeln.de\/index.php?rest_route=%2Fwp%2Fv2%2Fcomments&post=276"}],"version-history":[{"count":7,"href":"https:\/\/tsv-jahn-hemeln.de\/index.php?rest_route=\/wp\/v2\/pages\/276\/revisions"}],"predecessor-version":[{"id":1177,"href":"https:\/\/tsv-jahn-hemeln.de\/index.php?rest_route=\/wp\/v2\/pages\/276\/revisions\/1177"}],"wp:attachment":[{"href":"https:\/\/tsv-jahn-hemeln.de\/index.php?rest_route=%2Fwp%2Fv2%2Fmedia&parent=276"}],"curies":[{"name":"wp","href":"https:\/\/api.w.org\/{rel}","templated":true}]}}